{"id":97,"date":"2025-12-23T00:49:07","date_gmt":"2025-12-23T00:49:07","guid":{"rendered":"https:\/\/segredosdabelha.pt\/index.php\/about\/"},"modified":"2025-12-29T00:55:07","modified_gmt":"2025-12-29T00:55:07","slug":"about","status":"publish","type":"page","link":"https:\/\/segredosdabelha.pt\/index.php\/about\/","title":{"rendered":"About"},"content":{"rendered":"\t\t<div data-elementor-type=\"wp-page\" data-elementor-id=\"97\" class=\"elementor elementor-97\">\n\t\t\t\t<div class=\"elementor-element elementor-element-51ca0bf e-flex e-con-boxed e-con e-parent\" data-id=\"51ca0bf\" data-element_type=\"container\">\n\t\t\t\t\t<div class=\"e-con-inner\">\n\t\t\t\t<div class=\"elementor-element elementor-element-d712cab elementor-invisible elementor-widget elementor-widget-heading\" data-id=\"d712cab\" data-element_type=\"widget\" data-settings=\"{&quot;_animation&quot;:&quot;fadeInDown&quot;}\" data-widget_type=\"heading.default\">\n\t\t\t\t\t<h1 class=\"elementor-heading-title elementor-size-default\">Sobre N\u00f3s<\/h1>\t\t\t\t<\/div>\n\t\t\t\t\t<\/div>\n\t\t\t\t<\/div>\n\t\t\t\t<section class=\"elementor-section elementor-top-section elementor-element elementor-element-8ba3380 elementor-section-boxed elementor-section-height-default elementor-section-height-default\" data-id=\"8ba3380\" data-element_type=\"section\" id=\"info_section\" data-settings=\"{&quot;background_background&quot;:&quot;classic&quot;}\">\n\t\t\t\t\t\t<div class=\"elementor-container elementor-column-gap-no\">\n\t\t\t\t\t<div class=\"elementor-column elementor-col-50 elementor-top-column elementor-element elementor-element-fc21a0b\" data-id=\"fc21a0b\" data-element_type=\"column\">\n\t\t\t<div class=\"elementor-widget-wrap elementor-element-populated\">\n\t\t\t\t\t\t<div class=\"elementor-element elementor-element-1d24bef elementor-invisible elementor-widget elementor-widget-heading\" data-id=\"1d24bef\" data-element_type=\"widget\" data-settings=\"{&quot;_animation&quot;:&quot;fadeInDown&quot;}\" data-widget_type=\"heading.default\">\n\t\t\t\t\t<h2 class=\"elementor-heading-title elementor-size-default\">O in\u00edcio da nossa Hist\u00f3ria<\/h2>\t\t\t\t<\/div>\n\t\t\t\t<div class=\"elementor-element elementor-element-ff25cb9 elementor-invisible elementor-widget elementor-widget-text-editor\" data-id=\"ff25cb9\" data-element_type=\"widget\" data-settings=\"{&quot;_animation&quot;:&quot;fadeInLeft&quot;}\" data-widget_type=\"text-editor.default\">\n\t\t\t\t\t\t\t\t\t<p>Na Segredos D\u2019Abelha, a apicultura \u00e9 mais do que um of\u00edcio \u2014 \u00e9 uma forma de respeitar a natureza e de trabalhar em harmonia. Cada colmeia \u00e9 cuidada com aten\u00e7\u00e3o, paci\u00eancia e responsabilidade, respeitando o ritmo natural das abelhas e o equil\u00edbrio do ecossistema.<\/p><p>\u00a0Da colmeia recolhemos mel, p\u00f3len, pr\u00f3polis, geleia real e cera, sempre com o compromisso de preservar a sua pureza e origem. N\u00e3o aceleramos processos nem sacrificamos a qualidade. Preferimos o tempo certo, porque \u00e9 assim que a natureza funciona.<\/p><p>\u00a0A partir deste trabalho, surgem tamb\u00e9m outras formas de valorizar os produtos da colmeia, como as velas de cera de abelha, criadas de forma artesanal e complementar \u00e0 atividade ap\u00edcola.\u00a0<\/p><p>O Segredos D\u2019Abelha \u00e9 a prova de que quando se respeita a natureza, ela devolve o melhor.<\/p>\t\t\t\t\t\t\t\t<\/div>\n\t\t\t\t\t<\/div>\n\t\t<\/div>\n\t\t\t\t<div class=\"elementor-column elementor-col-50 elementor-top-column elementor-element elementor-element-0465cdc\" data-id=\"0465cdc\" data-element_type=\"column\">\n\t\t\t<div class=\"elementor-widget-wrap elementor-element-populated\">\n\t\t\t\t\t\t<div class=\"elementor-element elementor-element-b64fff4 elementor-widget-tablet__width-initial elementor-widget-mobile__width-initial elementor-invisible elementor-widget elementor-widget-image\" data-id=\"b64fff4\" data-element_type=\"widget\" data-settings=\"{&quot;_animation&quot;:&quot;fadeInRight&quot;}\" data-widget_type=\"image.default\">\n\t\t\t\t\t\t\t\t\t\t\t\t\t\t\t<img fetchpriority=\"high\" decoding=\"async\" width=\"570\" height=\"571\" src=\"https:\/\/segredosdabelha.pt\/wp-content\/uploads\/2024\/03\/e41507d3-about-us.jpg\" class=\"attachment-full size-full wp-image-73\" alt=\"\" srcset=\"https:\/\/segredosdabelha.pt\/wp-content\/uploads\/2024\/03\/e41507d3-about-us.jpg 570w, https:\/\/segredosdabelha.pt\/wp-content\/uploads\/2024\/03\/e41507d3-about-us-300x300.jpg 300w, https:\/\/segredosdabelha.pt\/wp-content\/uploads\/2024\/03\/e41507d3-about-us-150x150.jpg 150w, https:\/\/segredosdabelha.pt\/wp-content\/uploads\/2024\/03\/e41507d3-about-us-100x100.jpg 100w, https:\/\/segredosdabelha.pt\/wp-content\/uploads\/2024\/03\/e41507d3-about-us-200x200.jpg 200w, https:\/\/segredosdabelha.pt\/wp-content\/uploads\/2024\/03\/e41507d3-about-us-400x400.jpg 400w, https:\/\/segredosdabelha.pt\/wp-content\/uploads\/2024\/03\/e41507d3-about-us-500x500.jpg 500w, https:\/\/segredosdabelha.pt\/wp-content\/uploads\/2024\/03\/elementor\/thumbs\/e41507d3-about-us-150x150.jpg 2000w\" sizes=\"(max-width: 570px) 100vw, 570px\" \/>\t\t\t\t\t\t\t\t\t\t\t\t\t\t\t<\/div>\n\t\t\t\t<div class=\"elementor-element elementor-element-a3acbd1 elementor-widget__width-initial elementor-absolute elementor-widget elementor-widget-spacer\" data-id=\"a3acbd1\" data-element_type=\"widget\" data-settings=\"{&quot;_position&quot;:&quot;absolute&quot;}\" data-widget_type=\"spacer.default\">\n\t\t\t\t\t\t\t<div class=\"elementor-spacer\">\n\t\t\t<div class=\"elementor-spacer-inner\"><\/div>\n\t\t<\/div>\n\t\t\t\t\t\t<\/div>\n\t\t\t\t\t<\/div>\n\t\t<\/div>\n\t\t\t\t\t<\/div>\n\t\t<\/section>\n\t\t\t\t<section class=\"elementor-section elementor-top-section elementor-element elementor-element-afb30b8 elementor-section-boxed elementor-section-height-default elementor-section-height-default\" data-id=\"afb30b8\" data-element_type=\"section\" data-settings=\"{&quot;background_background&quot;:&quot;classic&quot;}\">\n\t\t\t\t\t\t<div class=\"elementor-container elementor-column-gap-no\">\n\t\t\t\t\t<div class=\"elementor-column elementor-col-100 elementor-top-column elementor-element elementor-element-b210325\" data-id=\"b210325\" data-element_type=\"column\">\n\t\t\t<div class=\"elementor-widget-wrap elementor-element-populated\">\n\t\t\t\t\t\t<section class=\"elementor-section elementor-inner-section elementor-element elementor-element-39e22e1 elementor-section-full_width elementor-section-height-default elementor-section-height-default\" data-id=\"39e22e1\" data-element_type=\"section\">\n\t\t\t\t\t\t<div class=\"elementor-container elementor-column-gap-no\">\n\t\t\t\t\t<div class=\"elementor-column elementor-col-100 elementor-inner-column elementor-element elementor-element-42418f5\" data-id=\"42418f5\" data-element_type=\"column\">\n\t\t\t<div class=\"elementor-widget-wrap elementor-element-populated\">\n\t\t\t\t\t\t<div class=\"elementor-element elementor-element-35d5ff0 elementor-invisible elementor-widget elementor-widget-heading\" data-id=\"35d5ff0\" data-element_type=\"widget\" data-settings=\"{&quot;_animation&quot;:&quot;fadeInDown&quot;}\" data-widget_type=\"heading.default\">\n\t\t\t\t\t<h2 class=\"elementor-heading-title elementor-size-default\">Conhece os Nossos Apicultores<\/h2>\t\t\t\t<\/div>\n\t\t\t\t<div class=\"elementor-element elementor-element-a4988bf elementor-invisible elementor-widget elementor-widget-text-editor\" data-id=\"a4988bf\" data-element_type=\"widget\" data-settings=\"{&quot;_animation&quot;:&quot;zoomIn&quot;}\" data-widget_type=\"text-editor.default\">\n\t\t\t\t\t\t\t\t\t<p>Cada colmeia reflete o nosso cuidado, experi\u00eancia e amor pela apicultura.<\/p>\t\t\t\t\t\t\t\t<\/div>\n\t\t\t\t\t<\/div>\n\t\t<\/div>\n\t\t\t\t\t<\/div>\n\t\t<\/section>\n\t\t\t\t<section class=\"elementor-section elementor-inner-section elementor-element elementor-element-931363b elementor-section-boxed elementor-section-height-default elementor-section-height-default\" data-id=\"931363b\" data-element_type=\"section\">\n\t\t\t\t\t\t<div class=\"elementor-container elementor-column-gap-no\">\n\t\t\t\t\t<div class=\"elementor-column elementor-col-100 elementor-inner-column elementor-element elementor-element-698daa6\" data-id=\"698daa6\" data-element_type=\"column\">\n\t\t\t<div class=\"elementor-widget-wrap elementor-element-populated\">\n\t\t\t\t\t\t<div class=\"elementor-element elementor-element-f9a2baa eael-team-align-centered elementor-invisible elementor-widget elementor-widget-eael-team-member\" data-id=\"f9a2baa\" data-element_type=\"widget\" data-settings=\"{&quot;_animation&quot;:&quot;fadeInLeft&quot;}\" data-widget_type=\"eael-team-member.default\">\n\t\t\t\t\t\n\n\t<div id=\"eael-team-member-f9a2baa\" class=\"eael-team-item eael-team-members-centered \">\n\t\t<div class=\"eael-team-item-inner\">\n\t\t\t<div class=\"eael-team-image\">\n\t\t\t\t<figure>\n\t\t\t\t\t\t\t\t\t\t<img decoding=\"async\" src=\"https:\/\/segredosdabelha.pt\/wp-content\/uploads\/2025\/12\/WhatsApp-Image-2025-12-08-at-22.57.24-1.jpeg\" alt=\"\">\n\t\t\t\t\t\t\t\t\t<\/figure>\n\t\t\t\t\n\t\t\t\t\n\t\t\t<\/div>\n\n\t\t\t<div class=\"eael-team-content\">\n\t\t\t\t<h2 class=\"eael-team-member-name\">Fabio e Ant\u00f3nio<\/h2><h3 class=\"eael-team-member-position\"><\/h3>\n\t\t\t\t\t\t\t\t\t\t\t\t\t\t<p class=\"eael-team-text\"><\/p>\n\t\t\t\t\t\t\t<\/div>\n\t\t<\/div>\n\t<\/div>\n\t\t\t\t\t<\/div>\n\t\t\t\t\t<\/div>\n\t\t<\/div>\n\t\t\t\t\t<\/div>\n\t\t<\/section>\n\t\t\t\t\t<\/div>\n\t\t<\/div>\n\t\t\t\t\t<\/div>\n\t\t<\/section>\n\t\t\t\t<\/div>\n\t\t","protected":false},"excerpt":{"rendered":"<p>Sobre N\u00f3s O in\u00edcio da nossa Hist\u00f3ria Na Segredos D\u2019Abelha, a apicultura \u00e9 mais do que um of\u00edcio \u2014 \u00e9 uma forma de respeitar a natureza e de trabalhar em harmonia. Cada colmeia \u00e9 cuidada com aten\u00e7\u00e3o, paci\u00eancia e responsabilidade, respeitando o ritmo natural das abelhas e o equil\u00edbrio do ecossistema. \u00a0Da colmeia recolhemos mel, [&hellip;]<\/p>\n","protected":false},"author":1,"featured_media":0,"parent":0,"menu_order":0,"comment_status":"closed","ping_status":"closed","template":"elementor_header_footer","meta":{"footnotes":""},"class_list":["post-97","page","type-page","status-publish","hentry"],"_links":{"self":[{"href":"https:\/\/segredosdabelha.pt\/index.php\/wp-json\/wp\/v2\/pages\/97","targetHints":{"allow":["GET"]}}],"collection":[{"href":"https:\/\/segredosdabelha.pt\/index.php\/wp-json\/wp\/v2\/pages"}],"about":[{"href":"https:\/\/segredosdabelha.pt\/index.php\/wp-json\/wp\/v2\/types\/page"}],"author":[{"embeddable":true,"href":"https:\/\/segredosdabelha.pt\/index.php\/wp-json\/wp\/v2\/users\/1"}],"replies":[{"embeddable":true,"href":"https:\/\/segredosdabelha.pt\/index.php\/wp-json\/wp\/v2\/comments?post=97"}],"version-history":[{"count":58,"href":"https:\/\/segredosdabelha.pt\/index.php\/wp-json\/wp\/v2\/pages\/97\/revisions"}],"predecessor-version":[{"id":471,"href":"https:\/\/segredosdabelha.pt\/index.php\/wp-json\/wp\/v2\/pages\/97\/revisions\/471"}],"wp:attachment":[{"href":"https:\/\/segredosdabelha.pt\/index.php\/wp-json\/wp\/v2\/media?parent=97"}],"curies":[{"name":"wp","href":"https:\/\/api.w.org\/{rel}","templated":true}]}}